{"id":9,"date":"2024-09-09T17:53:25","date_gmt":"2024-09-09T15:53:25","guid":{"rendered":"https:\/\/kinesiomag.com\/?page_id=9"},"modified":"2025-07-01T11:17:33","modified_gmt":"2025-07-01T09:17:33","slug":"accueil","status":"publish","type":"page","link":"https:\/\/kinesiomag.com\/","title":{"rendered":"Accueil"},"content":{"rendered":"\t\t<div data-elementor-type=\"wp-page\" data-elementor-id=\"9\" class=\"elementor elementor-9\">\n\t\t\t\t<div class=\"elementor-element elementor-element-7e6d074 e-flex e-con-boxed e-con e-parent\" data-id=\"7e6d074\" data-element_type=\"container\" data-e-type=\"container\">\n\t\t\t\t\t<div class=\"e-con-inner\">\n\t\t<div class=\"elementor-element elementor-element-0245d1b e-con-full e-flex e-con e-child\" data-id=\"0245d1b\" data-element_type=\"container\" data-e-type=\"container\">\n\t\t\t\t<div class=\"elementor-element elementor-element-a60acd0 elementor-widget__width-initial elementor-widget elementor-widget-image\" data-id=\"a60acd0\" data-element_type=\"widget\" data-e-type=\"widget\" data-widget_type=\"image.default\">\n\t\t\t\t<div class=\"elementor-widget-container\">\n\t\t\t\t\t\t\t\t\t\t\t\t\t\t\t<img fetchpriority=\"high\" decoding=\"async\" width=\"1024\" height=\"682\" src=\"https:\/\/kinesiomag.com\/wp-content\/uploads\/2024\/09\/butterfly-4514587_1280-1024x682.jpg\" class=\"attachment-large size-large wp-image-154\" alt=\"\" srcset=\"https:\/\/kinesiomag.com\/wp-content\/uploads\/2024\/09\/butterfly-4514587_1280-1024x682.jpg 1024w, https:\/\/kinesiomag.com\/wp-content\/uploads\/2024\/09\/butterfly-4514587_1280-300x200.jpg 300w, https:\/\/kinesiomag.com\/wp-content\/uploads\/2024\/09\/butterfly-4514587_1280-768x512.jpg 768w, https:\/\/kinesiomag.com\/wp-content\/uploads\/2024\/09\/butterfly-4514587_1280.jpg 1280w\" sizes=\"(max-width: 1024px) 100vw, 1024px\" \/>\t\t\t\t\t\t\t\t\t\t\t\t\t\t\t<\/div>\n\t\t\t\t<\/div>\n\t\t\t\t<\/div>\n\t\t<div class=\"elementor-element elementor-element-e27f429 e-con-full e-flex e-con e-child\" data-id=\"e27f429\" data-element_type=\"container\" data-e-type=\"container\">\n\t\t\t\t<div class=\"elementor-element elementor-element-fad37d5 elementor-widget elementor-widget-text-editor\" data-id=\"fad37d5\" data-element_type=\"widget\" data-e-type=\"widget\" data-widget_type=\"text-editor.default\">\n\t\t\t\t<div class=\"elementor-widget-container\">\n\t\t\t\t\t\t\t\t\t<p>Kin\u00e9siologue certifi\u00e9e. Je vous propose un accompagnement personnalis\u00e9, en toute humilit\u00e9 et sans aucun jugement. Gr\u00e2ce \u00e0 votre corps, en lui donnant la parole et en instaurant un dialogue silencieux avec lui, nous pourrons aller \u00e0 la rencontre de vos blocages, afin de lib\u00e9rer les charges \u00e9motionnelles qui y sont associ\u00e9es. En mettant des mots sur vos maux, vous pourrez retrouver votre libert\u00e9 face \u00e0 eux, poser un nouveau regard et envisager de nouvelles perspectives.<\/p>\t\t\t\t\t\t\t\t<\/div>\n\t\t\t\t<\/div>\n\t\t\t\t<\/div>\n\t\t\t\t\t<\/div>\n\t\t\t\t<\/div>\n\t\t<div class=\"elementor-element elementor-element-1ee7f45 e-flex e-con-boxed e-con e-parent\" data-id=\"1ee7f45\" data-element_type=\"container\" data-e-type=\"container\">\n\t\t\t\t\t<div class=\"e-con-inner\">\n\t\t<div class=\"elementor-element elementor-element-d137d6e e-con-full e-flex e-con e-child\" data-id=\"d137d6e\" data-element_type=\"container\" data-e-type=\"container\">\n\t\t\t\t<\/div>\n\t\t<div class=\"elementor-element elementor-element-e5c1d9b e-con-full e-flex e-con e-child\" data-id=\"e5c1d9b\" data-element_type=\"container\" data-e-type=\"container\">\n\t\t\t\t<div class=\"elementor-element elementor-element-cfe2be1 elementor-widget elementor-widget-heading\" data-id=\"cfe2be1\" data-element_type=\"widget\" data-e-type=\"widget\" data-widget_type=\"heading.default\">\n\t\t\t\t<div class=\"elementor-widget-container\">\n\t\t\t\t\t<h4 class=\"elementor-heading-title elementor-size-default\">Je vous re\u00e7ois le vendredi sur rdv<\/h4>\t\t\t\t<\/div>\n\t\t\t\t<\/div>\n\t\t\t\t<div class=\"elementor-element elementor-element-d694861 elementor-button-success elementor-align-center elementor-widget elementor-widget-button\" data-id=\"d694861\" data-element_type=\"widget\" data-e-type=\"widget\" data-widget_type=\"button.default\">\n\t\t\t\t<div class=\"elementor-widget-container\">\n\t\t\t\t\t\t\t\t\t<div class=\"elementor-button-wrapper\">\n\t\t\t\t\t<a class=\"elementor-button elementor-button-link elementor-size-sm\" href=\"https:\/\/calendly.com\/kinesiomag\/seance-de-kinesiologie\" target=\"_blank\">\n\t\t\t\t\t\t<span class=\"elementor-button-content-wrapper\">\n\t\t\t\t\t\t<span class=\"elementor-button-icon\">\n\t\t\t\t<svg aria-hidden=\"true\" class=\"e-font-icon-svg e-far-calendar-alt\" viewBox=\"0 0 448 512\" xmlns=\"http:\/\/www.w3.org\/2000\/svg\"><path d=\"M148 288h-40c-6.6 0-12-5.4-12-12v-40c0-6.6 5.4-12 12-12h40c6.6 0 12 5.4 12 12v40c0 6.6-5.4 12-12 12zm108-12v-40c0-6.6-5.4-12-12-12h-40c-6.6 0-12 5.4-12 12v40c0 6.6 5.4 12 12 12h40c6.6 0 12-5.4 12-12zm96 0v-40c0-6.6-5.4-12-12-12h-40c-6.6 0-12 5.4-12 12v40c0 6.6 5.4 12 12 12h40c6.6 0 12-5.4 12-12zm-96 96v-40c0-6.6-5.4-12-12-12h-40c-6.6 0-12 5.4-12 12v40c0 6.6 5.4 12 12 12h40c6.6 0 12-5.4 12-12zm-96 0v-40c0-6.6-5.4-12-12-12h-40c-6.6 0-12 5.4-12 12v40c0 6.6 5.4 12 12 12h40c6.6 0 12-5.4 12-12zm192 0v-40c0-6.6-5.4-12-12-12h-40c-6.6 0-12 5.4-12 12v40c0 6.6 5.4 12 12 12h40c6.6 0 12-5.4 12-12zm96-260v352c0 26.5-21.5 48-48 48H48c-26.5 0-48-21.5-48-48V112c0-26.5 21.5-48 48-48h48V12c0-6.6 5.4-12 12-12h40c6.6 0 12 5.4 12 12v52h128V12c0-6.6 5.4-12 12-12h40c6.6 0 12 5.4 12 12v52h48c26.5 0 48 21.5 48 48zm-48 346V160H48v298c0 3.3 2.7 6 6 6h340c3.3 0 6-2.7 6-6z\"><\/path><\/svg>\t\t\t<\/span>\n\t\t\t\t\t\t\t\t\t<span class=\"elementor-button-text\">rdv en ligne<\/span>\n\t\t\t\t\t<\/span>\n\t\t\t\t\t<\/a>\n\t\t\t\t<\/div>\n\t\t\t\t\t\t\t\t<\/div>\n\t\t\t\t<\/div>\n\t\t\t\t<div class=\"elementor-element elementor-element-9052237 elementor-widget elementor-widget-heading\" data-id=\"9052237\" data-element_type=\"widget\" data-e-type=\"widget\" data-widget_type=\"heading.default\">\n\t\t\t\t<div class=\"elementor-widget-container\">\n\t\t\t\t\t<h4 class=\"elementor-heading-title elementor-size-default\">Chez moi \u00e0 Sallen\u00f4ves (entre La Balme de Sillingy et Frangy)<\/h4>\t\t\t\t<\/div>\n\t\t\t\t<\/div>\n\t\t\t\t<div class=\"elementor-element elementor-element-245b7ed elementor-widget elementor-widget-heading\" data-id=\"245b7ed\" data-element_type=\"widget\" data-e-type=\"widget\" data-widget_type=\"heading.default\">\n\t\t\t\t<div class=\"elementor-widget-container\">\n\t\t\t\t\t<h4 class=\"elementor-heading-title elementor-size-default\">ou \u00e0 votre domicile si c'est possible et plus simple pour vous.<\/h4>\t\t\t\t<\/div>\n\t\t\t\t<\/div>\n\t\t\t\t<\/div>\n\t\t<div class=\"elementor-element elementor-element-7c0d3ed e-con-full e-flex e-con e-child\" data-id=\"7c0d3ed\" data-element_type=\"container\" data-e-type=\"container\">\n\t\t\t\t<\/div>\n\t\t\t\t\t<\/div>\n\t\t\t\t<\/div>\n\t\t<div class=\"elementor-element elementor-element-688adc5 e-flex e-con-boxed e-con e-parent\" data-id=\"688adc5\" data-element_type=\"container\" data-e-type=\"container\">\n\t\t\t\t\t<div class=\"e-con-inner\">\n\t\t<div class=\"elementor-element elementor-element-df10d18 e-con-full e-flex e-con e-child\" data-id=\"df10d18\" data-element_type=\"container\" data-e-type=\"container\">\n\t\t\t\t<div class=\"elementor-element elementor-element-8e63cfa elementor-view-default elementor-widget elementor-widget-icon\" data-id=\"8e63cfa\" data-element_type=\"widget\" data-e-type=\"widget\" data-widget_type=\"icon.default\">\n\t\t\t\t<div class=\"elementor-widget-container\">\n\t\t\t\t\t\t\t<div class=\"elementor-icon-wrapper\">\n\t\t\t<div class=\"elementor-icon\">\n\t\t\t<svg aria-hidden=\"true\" class=\"e-font-icon-svg e-fas-phone\" viewBox=\"0 0 512 512\" xmlns=\"http:\/\/www.w3.org\/2000\/svg\"><path d=\"M493.4 24.6l-104-24c-11.3-2.6-22.9 3.3-27.5 13.9l-48 112c-4.2 9.8-1.4 21.3 6.9 28l60.6 49.6c-36 76.7-98.9 140.5-177.2 177.2l-49.6-60.6c-6.8-8.3-18.2-11.1-28-6.9l-112 48C3.9 366.5-2 378.1.6 389.4l24 104C27.1 504.2 36.7 512 48 512c256.1 0 464-207.5 464-464 0-11.2-7.7-20.9-18.6-23.4z\"><\/path><\/svg>\t\t\t<\/div>\n\t\t<\/div>\n\t\t\t\t\t\t<\/div>\n\t\t\t\t<\/div>\n\t\t\t\t<div class=\"elementor-element elementor-element-45c53c6 elementor-widget elementor-widget-heading\" data-id=\"45c53c6\" data-element_type=\"widget\" data-e-type=\"widget\" data-widget_type=\"heading.default\">\n\t\t\t\t<div class=\"elementor-widget-container\">\n\t\t\t\t\t<h3 class=\"elementor-heading-title elementor-size-default\">06 23 80 85 24<\/h3>\t\t\t\t<\/div>\n\t\t\t\t<\/div>\n\t\t\t\t<\/div>\n\t\t<div class=\"elementor-element elementor-element-8b6d39a e-con-full e-flex e-con e-child\" data-id=\"8b6d39a\" data-element_type=\"container\" data-e-type=\"container\">\n\t\t\t\t<div class=\"elementor-element elementor-element-b9867b3 elementor-view-default elementor-widget elementor-widget-icon\" data-id=\"b9867b3\" data-element_type=\"widget\" data-e-type=\"widget\" data-widget_type=\"icon.default\">\n\t\t\t\t<div class=\"elementor-widget-container\">\n\t\t\t\t\t\t\t<div class=\"elementor-icon-wrapper\">\n\t\t\t<div class=\"elementor-icon\">\n\t\t\t<svg aria-hidden=\"true\" class=\"e-font-icon-svg e-far-envelope\" viewBox=\"0 0 512 512\" xmlns=\"http:\/\/www.w3.org\/2000\/svg\"><path d=\"M464 64H48C21.49 64 0 85.49 0 112v288c0 26.51 21.49 48 48 48h416c26.51 0 48-21.49 48-48V112c0-26.51-21.49-48-48-48zm0 48v40.805c-22.422 18.259-58.168 46.651-134.587 106.49-16.841 13.247-50.201 45.072-73.413 44.701-23.208.375-56.579-31.459-73.413-44.701C106.18 199.465 70.425 171.067 48 152.805V112h416zM48 400V214.398c22.914 18.251 55.409 43.862 104.938 82.646 21.857 17.205 60.134 55.186 103.062 54.955 42.717.231 80.509-37.199 103.053-54.947 49.528-38.783 82.032-64.401 104.947-82.653V400H48z\"><\/path><\/svg>\t\t\t<\/div>\n\t\t<\/div>\n\t\t\t\t\t\t<\/div>\n\t\t\t\t<\/div>\n\t\t\t\t<div class=\"elementor-element elementor-element-0533f31 elementor-widget elementor-widget-heading\" data-id=\"0533f31\" data-element_type=\"widget\" data-e-type=\"widget\" data-widget_type=\"heading.default\">\n\t\t\t\t<div class=\"elementor-widget-container\">\n\t\t\t\t\t<h3 class=\"elementor-heading-title elementor-size-default\">mdb.kinesio@gmail.com<\/h3>\t\t\t\t<\/div>\n\t\t\t\t<\/div>\n\t\t\t\t<\/div>\n\t\t<div class=\"elementor-element elementor-element-ecc9225 e-con-full e-flex e-con e-child\" data-id=\"ecc9225\" data-element_type=\"container\" data-e-type=\"container\">\n\t\t\t\t<div class=\"elementor-element elementor-element-617981b elementor-view-default elementor-widget elementor-widget-icon\" data-id=\"617981b\" data-element_type=\"widget\" data-e-type=\"widget\" data-widget_type=\"icon.default\">\n\t\t\t\t<div class=\"elementor-widget-container\">\n\t\t\t\t\t\t\t<div class=\"elementor-icon-wrapper\">\n\t\t\t<a class=\"elementor-icon\" href=\"https:\/\/www.facebook.com\/profile.php?id=61565519487258&#038;locale=fr_FR\" target=\"_blank\">\n\t\t\t<svg aria-hidden=\"true\" class=\"e-font-icon-svg e-fab-facebook-square\" viewBox=\"0 0 448 512\" xmlns=\"http:\/\/www.w3.org\/2000\/svg\"><path d=\"M400 32H48A48 48 0 0 0 0 80v352a48 48 0 0 0 48 48h137.25V327.69h-63V256h63v-54.64c0-62.15 37-96.48 93.67-96.48 27.14 0 55.52 4.84 55.52 4.84v61h-31.27c-30.81 0-40.42 19.12-40.42 38.73V256h68.78l-11 71.69h-57.78V480H400a48 48 0 0 0 48-48V80a48 48 0 0 0-48-48z\"><\/path><\/svg>\t\t\t<\/a>\n\t\t<\/div>\n\t\t\t\t\t\t<\/div>\n\t\t\t\t<\/div>\n\t\t\t\t<div class=\"elementor-element elementor-element-e01eab3 elementor-widget elementor-widget-heading\" data-id=\"e01eab3\" data-element_type=\"widget\" data-e-type=\"widget\" data-widget_type=\"heading.default\">\n\t\t\t\t<div class=\"elementor-widget-container\">\n\t\t\t\t\t<h3 class=\"elementor-heading-title elementor-size-default\"><a href=\"https:\/\/www.facebook.com\/profile.php?id=61565519487258&#038;locale=fr_FR\" target=\"_blank\">Kin\u00e9siomag<\/a><\/h3>\t\t\t\t<\/div>\n\t\t\t\t<\/div>\n\t\t\t\t<\/div>\n\t\t<div class=\"elementor-element elementor-element-ea11080 e-con-full e-flex e-con e-child\" data-id=\"ea11080\" data-element_type=\"container\" data-e-type=\"container\">\n\t\t\t\t<div class=\"elementor-element elementor-element-a058493 elementor-view-default elementor-widget elementor-widget-icon\" data-id=\"a058493\" data-element_type=\"widget\" data-e-type=\"widget\" data-widget_type=\"icon.default\">\n\t\t\t\t<div class=\"elementor-widget-container\">\n\t\t\t\t\t\t\t<div class=\"elementor-icon-wrapper\">\n\t\t\t<a class=\"elementor-icon\" href=\"https:\/\/www.instagram.com\/magdb.kinesiologue\/#\" target=\"_blank\">\n\t\t\t<svg aria-hidden=\"true\" class=\"e-font-icon-svg e-fab-instagram\" viewBox=\"0 0 448 512\" xmlns=\"http:\/\/www.w3.org\/2000\/svg\"><path d=\"M224.1 141c-63.6 0-114.9 51.3-114.9 114.9s51.3 114.9 114.9 114.9S339 319.5 339 255.9 287.7 141 224.1 141zm0 189.6c-41.1 0-74.7-33.5-74.7-74.7s33.5-74.7 74.7-74.7 74.7 33.5 74.7 74.7-33.6 74.7-74.7 74.7zm146.4-194.3c0 14.9-12 26.8-26.8 26.8-14.9 0-26.8-12-26.8-26.8s12-26.8 26.8-26.8 26.8 12 26.8 26.8zm76.1 27.2c-1.7-35.9-9.9-67.7-36.2-93.9-26.2-26.2-58-34.4-93.9-36.2-37-2.1-147.9-2.1-184.9 0-35.8 1.7-67.6 9.9-93.9 36.1s-34.4 58-36.2 93.9c-2.1 37-2.1 147.9 0 184.9 1.7 35.9 9.9 67.7 36.2 93.9s58 34.4 93.9 36.2c37 2.1 147.9 2.1 184.9 0 35.9-1.7 67.7-9.9 93.9-36.2 26.2-26.2 34.4-58 36.2-93.9 2.1-37 2.1-147.8 0-184.8zM398.8 388c-7.8 19.6-22.9 34.7-42.6 42.6-29.5 11.7-99.5 9-132.1 9s-102.7 2.6-132.1-9c-19.6-7.8-34.7-22.9-42.6-42.6-11.7-29.5-9-99.5-9-132.1s-2.6-102.7 9-132.1c7.8-19.6 22.9-34.7 42.6-42.6 29.5-11.7 99.5-9 132.1-9s102.7-2.6 132.1 9c19.6 7.8 34.7 22.9 42.6 42.6 11.7 29.5 9 99.5 9 132.1s2.7 102.7-9 132.1z\"><\/path><\/svg>\t\t\t<\/a>\n\t\t<\/div>\n\t\t\t\t\t\t<\/div>\n\t\t\t\t<\/div>\n\t\t\t\t<div class=\"elementor-element elementor-element-c9db710 elementor-widget elementor-widget-heading\" data-id=\"c9db710\" data-element_type=\"widget\" data-e-type=\"widget\" data-widget_type=\"heading.default\">\n\t\t\t\t<div class=\"elementor-widget-container\">\n\t\t\t\t\t<h3 class=\"elementor-heading-title elementor-size-default\"><a href=\"https:\/\/www.instagram.com\/magdb.kinesiologue\/#\" target=\"_blank\">magdb.kinesiologue<\/a><\/h3>\t\t\t\t<\/div>\n\t\t\t\t<\/div>\n\t\t\t\t<\/div>\n\t\t\t\t\t<\/div>\n\t\t\t\t<\/div>\n\t\t\t\t<\/div>\n\t\t","protected":false},"excerpt":{"rendered":"<p>Kin\u00e9siologue certifi\u00e9e. Je vous propose un accompagnement personnalis\u00e9, en toute humilit\u00e9 et sans aucun jugement. Gr\u00e2ce \u00e0 votre corps, en [&hellip;]<\/p>\n","protected":false},"author":1,"featured_media":0,"parent":0,"menu_order":0,"comment_status":"closed","ping_status":"closed","template":"","meta":{"site-sidebar-layout":"default","site-content-layout":"","ast-site-content-layout":"","site-content-style":"default","site-sidebar-style":"default","ast-global-header-display":"","ast-banner-title-visibility":"","ast-main-header-display":"","ast-hfb-above-header-display":"","ast-hfb-below-header-display":"","ast-hfb-mobile-header-display":"","site-post-title":"disabled","ast-breadcrumbs-content":"","ast-featured-img":"","footer-sml-layout":"","theme-transparent-header-meta":"","adv-header-id-meta":"","stick-header-meta":"","header-above-stick-meta":"","header-main-stick-meta":"","header-below-stick-meta":"","astra-migrate-meta-layouts":"default","ast-page-background-enabled":"default","ast-page-background-meta":{"desktop":{"background-color":"var(--ast-global-color-4)","background-image":"","background-repeat":"repeat","background-position":"center center","background-size":"auto","background-attachment":"scroll","background-type":"","background-media":"","overlay-type":"","overlay-color":"","overlay-opacity":"","overlay-gradient":""},"tablet":{"background-color":"","background-image":"","background-repeat":"repeat","background-position":"center center","background-size":"auto","background-attachment":"scroll","background-type":"","background-media":"","overlay-type":"","overlay-color":"","overlay-opacity":"","overlay-gradient":""},"mobile":{"background-color":"","background-image":"","background-repeat":"repeat","background-position":"center center","background-size":"auto","background-attachment":"scroll","background-type":"","background-media":"","overlay-type":"","overlay-color":"","overlay-opacity":"","overlay-gradient":""}},"ast-content-background-meta":{"desktop":{"background-color":"var(--ast-global-color-5)","background-image":"","background-repeat":"repeat","background-position":"center center","background-size":"auto","background-attachment":"scroll","background-type":"","background-media":"","overlay-type":"","overlay-color":"","overlay-opacity":"","overlay-gradient":""},"tablet":{"background-color":"var(--ast-global-color-5)","background-image":"","background-repeat":"repeat","background-position":"center center","background-size":"auto","background-attachment":"scroll","background-type":"","background-media":"","overlay-type":"","overlay-color":"","overlay-opacity":"","overlay-gradient":""},"mobile":{"background-color":"var(--ast-global-color-5)","background-image":"","background-repeat":"repeat","background-position":"center center","background-size":"auto","background-attachment":"scroll","background-type":"","background-media":"","overlay-type":"","overlay-color":"","overlay-opacity":"","overlay-gradient":""}},"footnotes":""},"class_list":["post-9","page","type-page","status-publish","hentry"],"yoast_head":"<!-- This site is optimized with the Yoast SEO plugin v24.6 - https:\/\/yoast.com\/wordpress\/plugins\/seo\/ -->\n<title>Magali DE BERNARDO - Kin\u00e9siologue certifi\u00e9e<\/title>\n<meta name=\"description\" content=\"En chemin vers un \u00e9quilibre int\u00e9rieur, en allant \u00e0 la d\u00e9couverte de vos blocages et en lib\u00e9rant les charges \u00e9motionnelles associ\u00e9es.\" \/>\n<meta name=\"robots\" content=\"index, follow, max-snippet:-1, max-image-preview:large, max-video-preview:-1\" \/>\n<link rel=\"canonical\" href=\"https:\/\/kinesiomag.com\/\" \/>\n<meta property=\"og:locale\" content=\"en_US\" \/>\n<meta property=\"og:type\" content=\"article\" \/>\n<meta property=\"og:title\" content=\"Magali DE BERNARDO - Kin\u00e9siologue certifi\u00e9e\" \/>\n<meta property=\"og:description\" content=\"En chemin vers un \u00e9quilibre int\u00e9rieur, en allant \u00e0 la d\u00e9couverte de vos blocages et en lib\u00e9rant les charges \u00e9motionnelles associ\u00e9es.\" \/>\n<meta property=\"og:url\" content=\"https:\/\/kinesiomag.com\/\" \/>\n<meta property=\"og:site_name\" content=\"Magali DE BERNARDO kin\u00e9siologue\" \/>\n<meta property=\"article:publisher\" content=\"https:\/\/www.facebook.com\/people\/Kinsiomag\/61565519487258\/?_rdr\" \/>\n<meta property=\"article:modified_time\" content=\"2025-07-01T09:17:33+00:00\" \/>\n<meta property=\"og:image\" content=\"http:\/\/kinesiomag.com\/wp-content\/uploads\/2024\/09\/butterfly-4514587_1280-1024x682.jpg\" \/>\n<meta name=\"twitter:card\" content=\"summary_large_image\" \/>\n<meta name=\"twitter:label1\" content=\"Est. reading time\" \/>\n\t<meta name=\"twitter:data1\" content=\"1 minute\" \/>\n<script type=\"application\/ld+json\" class=\"yoast-schema-graph\">{\"@context\":\"https:\/\/schema.org\",\"@graph\":[{\"@type\":\"WebPage\",\"@id\":\"https:\/\/kinesiomag.com\/\",\"url\":\"https:\/\/kinesiomag.com\/\",\"name\":\"Magali DE BERNARDO - Kin\u00e9siologue certifi\u00e9e\",\"isPartOf\":{\"@id\":\"https:\/\/kinesiomag.com\/#website\"},\"primaryImageOfPage\":{\"@id\":\"https:\/\/kinesiomag.com\/#primaryimage\"},\"image\":{\"@id\":\"https:\/\/kinesiomag.com\/#primaryimage\"},\"thumbnailUrl\":\"http:\/\/kinesiomag.com\/wp-content\/uploads\/2024\/09\/butterfly-4514587_1280-1024x682.jpg\",\"datePublished\":\"2024-09-09T15:53:25+00:00\",\"dateModified\":\"2025-07-01T09:17:33+00:00\",\"description\":\"En chemin vers un \u00e9quilibre int\u00e9rieur, en allant \u00e0 la d\u00e9couverte de vos blocages et en lib\u00e9rant les charges \u00e9motionnelles associ\u00e9es.\",\"breadcrumb\":{\"@id\":\"https:\/\/kinesiomag.com\/#breadcrumb\"},\"inLanguage\":\"en-US\",\"potentialAction\":[{\"@type\":\"ReadAction\",\"target\":[\"https:\/\/kinesiomag.com\/\"]}]},{\"@type\":\"ImageObject\",\"inLanguage\":\"en-US\",\"@id\":\"https:\/\/kinesiomag.com\/#primaryimage\",\"url\":\"https:\/\/kinesiomag.com\/wp-content\/uploads\/2024\/09\/butterfly-4514587_1280.jpg\",\"contentUrl\":\"https:\/\/kinesiomag.com\/wp-content\/uploads\/2024\/09\/butterfly-4514587_1280.jpg\",\"width\":1280,\"height\":853},{\"@type\":\"BreadcrumbList\",\"@id\":\"https:\/\/kinesiomag.com\/#breadcrumb\",\"itemListElement\":[{\"@type\":\"ListItem\",\"position\":1,\"name\":\"Home\",\"item\":\"https:\/\/kinesiomag.com\/\"},{\"@type\":\"ListItem\",\"position\":2,\"name\":\"Accueil\"}]},{\"@type\":\"WebSite\",\"@id\":\"https:\/\/kinesiomag.com\/#website\",\"url\":\"https:\/\/kinesiomag.com\/\",\"name\":\"kinesiomag.com\",\"description\":\"\",\"publisher\":{\"@id\":\"https:\/\/kinesiomag.com\/#\/schema\/person\/1d66dbcf8555669351f8108b71694e79\"},\"alternateName\":\"Magali DE BERNARDO kin\u00e9siologue\",\"potentialAction\":[{\"@type\":\"SearchAction\",\"target\":{\"@type\":\"EntryPoint\",\"urlTemplate\":\"https:\/\/kinesiomag.com\/?s={search_term_string}\"},\"query-input\":{\"@type\":\"PropertyValueSpecification\",\"valueRequired\":true,\"valueName\":\"search_term_string\"}}],\"inLanguage\":\"en-US\"},{\"@type\":[\"Person\",\"Organization\"],\"@id\":\"https:\/\/kinesiomag.com\/#\/schema\/person\/1d66dbcf8555669351f8108b71694e79\",\"name\":\"Magali DE BERNARDO kin\u00e9siologue\",\"image\":{\"@type\":\"ImageObject\",\"inLanguage\":\"en-US\",\"@id\":\"https:\/\/kinesiomag.com\/#\/schema\/person\/image\/\",\"url\":\"https:\/\/kinesiomag.com\/wp-content\/uploads\/2024\/09\/cropped-LOGO_1-1.png\",\"contentUrl\":\"https:\/\/kinesiomag.com\/wp-content\/uploads\/2024\/09\/cropped-LOGO_1-1.png\",\"width\":490,\"height\":485,\"caption\":\"Magali DE BERNARDO kin\u00e9siologue\"},\"logo\":{\"@id\":\"https:\/\/kinesiomag.com\/#\/schema\/person\/image\/\"},\"sameAs\":[\"http:\/\/kinesiomag.com\",\"https:\/\/www.facebook.com\/people\/Kinsiomag\/61565519487258\/?_rdr\",\"https:\/\/www.instagram.com\/magdb.kinesiologue\/\"]}]}<\/script>\n<!-- \/ Yoast SEO plugin. -->","yoast_head_json":{"title":"Magali DE BERNARDO - Kin\u00e9siologue certifi\u00e9e","description":"En chemin vers un \u00e9quilibre int\u00e9rieur, en allant \u00e0 la d\u00e9couverte de vos blocages et en lib\u00e9rant les charges \u00e9motionnelles associ\u00e9es.","robots":{"index":"index","follow":"follow","max-snippet":"max-snippet:-1","max-image-preview":"max-image-preview:large","max-video-preview":"max-video-preview:-1"},"canonical":"https:\/\/kinesiomag.com\/","og_locale":"en_US","og_type":"article","og_title":"Magali DE BERNARDO - Kin\u00e9siologue certifi\u00e9e","og_description":"En chemin vers un \u00e9quilibre int\u00e9rieur, en allant \u00e0 la d\u00e9couverte de vos blocages et en lib\u00e9rant les charges \u00e9motionnelles associ\u00e9es.","og_url":"https:\/\/kinesiomag.com\/","og_site_name":"Magali DE BERNARDO kin\u00e9siologue","article_publisher":"https:\/\/www.facebook.com\/people\/Kinsiomag\/61565519487258\/?_rdr","article_modified_time":"2025-07-01T09:17:33+00:00","og_image":[{"url":"http:\/\/kinesiomag.com\/wp-content\/uploads\/2024\/09\/butterfly-4514587_1280-1024x682.jpg","type":"","width":"","height":""}],"twitter_card":"summary_large_image","twitter_misc":{"Est. reading time":"1 minute"},"schema":{"@context":"https:\/\/schema.org","@graph":[{"@type":"WebPage","@id":"https:\/\/kinesiomag.com\/","url":"https:\/\/kinesiomag.com\/","name":"Magali DE BERNARDO - Kin\u00e9siologue certifi\u00e9e","isPartOf":{"@id":"https:\/\/kinesiomag.com\/#website"},"primaryImageOfPage":{"@id":"https:\/\/kinesiomag.com\/#primaryimage"},"image":{"@id":"https:\/\/kinesiomag.com\/#primaryimage"},"thumbnailUrl":"http:\/\/kinesiomag.com\/wp-content\/uploads\/2024\/09\/butterfly-4514587_1280-1024x682.jpg","datePublished":"2024-09-09T15:53:25+00:00","dateModified":"2025-07-01T09:17:33+00:00","description":"En chemin vers un \u00e9quilibre int\u00e9rieur, en allant \u00e0 la d\u00e9couverte de vos blocages et en lib\u00e9rant les charges \u00e9motionnelles associ\u00e9es.","breadcrumb":{"@id":"https:\/\/kinesiomag.com\/#breadcrumb"},"inLanguage":"en-US","potentialAction":[{"@type":"ReadAction","target":["https:\/\/kinesiomag.com\/"]}]},{"@type":"ImageObject","inLanguage":"en-US","@id":"https:\/\/kinesiomag.com\/#primaryimage","url":"https:\/\/kinesiomag.com\/wp-content\/uploads\/2024\/09\/butterfly-4514587_1280.jpg","contentUrl":"https:\/\/kinesiomag.com\/wp-content\/uploads\/2024\/09\/butterfly-4514587_1280.jpg","width":1280,"height":853},{"@type":"BreadcrumbList","@id":"https:\/\/kinesiomag.com\/#breadcrumb","itemListElement":[{"@type":"ListItem","position":1,"name":"Home","item":"https:\/\/kinesiomag.com\/"},{"@type":"ListItem","position":2,"name":"Accueil"}]},{"@type":"WebSite","@id":"https:\/\/kinesiomag.com\/#website","url":"https:\/\/kinesiomag.com\/","name":"kinesiomag.com","description":"","publisher":{"@id":"https:\/\/kinesiomag.com\/#\/schema\/person\/1d66dbcf8555669351f8108b71694e79"},"alternateName":"Magali DE BERNARDO kin\u00e9siologue","potentialAction":[{"@type":"SearchAction","target":{"@type":"EntryPoint","urlTemplate":"https:\/\/kinesiomag.com\/?s={search_term_string}"},"query-input":{"@type":"PropertyValueSpecification","valueRequired":true,"valueName":"search_term_string"}}],"inLanguage":"en-US"},{"@type":["Person","Organization"],"@id":"https:\/\/kinesiomag.com\/#\/schema\/person\/1d66dbcf8555669351f8108b71694e79","name":"Magali DE BERNARDO kin\u00e9siologue","image":{"@type":"ImageObject","inLanguage":"en-US","@id":"https:\/\/kinesiomag.com\/#\/schema\/person\/image\/","url":"https:\/\/kinesiomag.com\/wp-content\/uploads\/2024\/09\/cropped-LOGO_1-1.png","contentUrl":"https:\/\/kinesiomag.com\/wp-content\/uploads\/2024\/09\/cropped-LOGO_1-1.png","width":490,"height":485,"caption":"Magali DE BERNARDO kin\u00e9siologue"},"logo":{"@id":"https:\/\/kinesiomag.com\/#\/schema\/person\/image\/"},"sameAs":["http:\/\/kinesiomag.com","https:\/\/www.facebook.com\/people\/Kinsiomag\/61565519487258\/?_rdr","https:\/\/www.instagram.com\/magdb.kinesiologue\/"]}]}},"_links":{"self":[{"href":"https:\/\/kinesiomag.com\/index.php\/wp-json\/wp\/v2\/pages\/9","targetHints":{"allow":["GET"]}}],"collection":[{"href":"https:\/\/kinesiomag.com\/index.php\/wp-json\/wp\/v2\/pages"}],"about":[{"href":"https:\/\/kinesiomag.com\/index.php\/wp-json\/wp\/v2\/types\/page"}],"author":[{"embeddable":true,"href":"https:\/\/kinesiomag.com\/index.php\/wp-json\/wp\/v2\/users\/1"}],"replies":[{"embeddable":true,"href":"https:\/\/kinesiomag.com\/index.php\/wp-json\/wp\/v2\/comments?post=9"}],"version-history":[{"count":85,"href":"https:\/\/kinesiomag.com\/index.php\/wp-json\/wp\/v2\/pages\/9\/revisions"}],"predecessor-version":[{"id":569,"href":"https:\/\/kinesiomag.com\/index.php\/wp-json\/wp\/v2\/pages\/9\/revisions\/569"}],"wp:attachment":[{"href":"https:\/\/kinesiomag.com\/index.php\/wp-json\/wp\/v2\/media?parent=9"}],"curies":[{"name":"wp","href":"https:\/\/api.w.org\/{rel}","templated":true}]}}